{"id":455,"date":"2017-10-31T20:39:55","date_gmt":"2017-10-31T20:39:55","guid":{"rendered":"http:\/\/albrecht-interkulturell.de\/?page_id=455"},"modified":"2024-11-14T11:16:10","modified_gmt":"2024-11-14T11:16:10","slug":"impressum","status":"publish","type":"page","link":"https:\/\/www.albrecht-interkulturell.de\/en\/impressum\/","title":{"rendered":"Impressum"},"content":{"rendered":"<p>Angaben gem. \u00a7 5 TMG:<\/p>\n<p><strong>Dr. Carl Albrecht<\/strong><\/p>\n<p>Klingbergstr. 10<br \/>\n25764 Wesselburen<br \/>\nDeutschland<\/p>\n<p>Telefon:\u00a0 0160 \/ 76 25 61 8<\/p>\n<p>E-Mail: cea.albrecht@web.de<br \/>\nWeb: www.cea-albrecht.de<\/p>\n<h3><b>Rechtliches von <strong>Dr. Carl Albrecht<\/strong>:<\/b><\/h3>\n<p><b> <\/b><br \/>\nRegistergericht: Amtsgericht Meldorf<\/p>\n<p>Umsatzsteuer-Identifikationsnummer: DE314230752<\/p>\n<p data-wahfont=\"16\"><strong>Haftung f\u00fcr Inhalte<\/strong><\/p>\n<p data-wahfont=\"16\">Der Verantwortliche der vorbezeichneten Website \u00fcbernimmt keine Haftung auf Aktualit\u00e4t, Richtigkeit und Vollst\u00e4ndigkeit der auf dieser Website zur Verf\u00fcgung gestellten Inhalte. Dies gilt nicht, wenn dem Verantwortlichen vors\u00e4tzliches oder grob fahrl\u00e4ssiges Verhalten vorzuwerfen ist. Die Inhalte wurden mit der gr\u00f6\u00dftm\u00f6glichen Sorgfalt und nach bestem Gewissen erstellt. Dennoch kann die inhaltliche Richtigkeit, insbesondere bei komplexen Themen nicht gew\u00e4hrleistet werden, so dass der Verantwortliche den Nutzern empfiehlt, bei wichtigen Informationen bei den zust\u00e4ndigen Stellen anzufragen oder rechtliche Beratung in Anspruch zu nehmen.<\/p>\n<p data-wahfont=\"16\">Namentlich gekennzeichnete Beitr\u00e4ge, die auf der Website \u00f6ffentlich zug\u00e4nglich gemacht werden, geben die Meinung des jeweiligen Autors und nicht immer die Meinung des Website-Betreibers wieder.<\/p>\n<p data-wahfont=\"16\">Sofern kostenpflichtige oder kostenlose und frei zug\u00e4ngliche Inhalte oder Dienste auf der Website zur Verf\u00fcgung gestellt werden, handelt es sich dabei um unverbindliche Invitatio ad offerendum, welche lediglich zur Abgabe eines Angebots durch den Nutzer aufrufen und selbst kein verbindliches Angebot darstellen.<\/p>\n<p data-wahfont=\"16\">Gem\u00e4\u00df \u00a7\u00a7 7 ff. DDG ist der Website-Betreiber f\u00fcr fremde Inhalte, die er f\u00fcr einen Nutzer ver\u00f6ffentlicht, au\u00dfer in den gesetzlich genannten Ausnahmef\u00e4llen nicht verantwortlich, sofern<\/p>\n<ol>\n<li>er keine Kenntnis von der rechtswidrigen Handlung oder der Information hat und ihm im Falle von Schadensersatzanspr\u00fcchen auch keine Tatsachen oder Umst\u00e4nde bekannt sind, aus denen die rechtswidrige Handlung oder die Information offensichtlich wird, oder<\/li>\n<li>er unverz\u00fcglich t\u00e4tig geworden ist, um die Information zu entfernen oder den Zugang zu ihr zu sperren, sobald er diese Kenntnis erlangt hat.<\/li>\n<\/ol>\n<p data-wahfont=\"16\">Eine diesbez\u00fcgliche Haftung ist somit erst ab dem Zeitpunkt der Kenntniserlangung einer konkreten Rechtsverletzung m\u00f6glich.<\/p>\n<p data-wahfont=\"16\">Erlangt der Website-Betreiber Kenntnis von solchen rechtswidrigen Inhalten, werden diese unverz\u00fcglich entfernt.<\/p>\n<p data-wahfont=\"16\"><strong>Haftung f\u00fcr Links<\/strong><\/p>\n<p data-wahfont=\"16\">Der Website-Betreiber verlinkt von seiner Website auf fremde Websites. Durch diese sog. \u201eHyperlinks\u201c wird der Nutzer direkt auf die fremde Website geleitet. Das Setzen von sog. \u201eHyperlinks\u201c bedeutet nicht, dass sich der Website-Betreiber die hinter dem Link liegenden Inhalte zu Eigen macht. Der Website-Betreiber hat dabei keinerlei Einfluss auf die Informationen der fremden Website. Daher kann keine Haftung f\u00fcr die Aktualit\u00e4t, Richtigkeit und Vollst\u00e4ndigkeit der Inhalte der fremden Website \u00fcbernommen werden.<\/p>\n<p data-wahfont=\"16\">F\u00fcr die Inhalte ist ausschlie\u00dflich der jeweilige Anbieter oder Betreiber der verlinkten Website verantwortlich.<\/p>\n<p data-wahfont=\"16\">Der Website-Betreiber versichert jedoch, dass ihm zum Zeitpunkt des Setzens der Verlinkung keinerlei rechtliche Verst\u00f6\u00dfe bekannt waren und er die fremde Website im Rahmen des Zumutbaren gepr\u00fcft hat.<\/p>\n<p data-wahfont=\"16\">Solange keine konkreten Anhaltspunkte einer Rechtsverletzung vorliegen, ist eine permanente inhaltliche Kontrolle der verlinkten Website f\u00fcr den Website-Betreiber nicht zumutbar.<\/p>\n<p data-wahfont=\"16\">Erh\u00e4lt der Website-Betreiber Kenntnis von der Rechtswidrigkeit der verlinkten Inhalte, wird der entsprechende Link unverz\u00fcglich entfernt<\/p>\n<p data-wahfont=\"16\"><strong>Urheberrecht<\/strong><\/p>\n<p data-wahfont=\"16\">Die auf dieser Webseite ver\u00f6ffentlichten Inhalte unterliegen dem deutschen Urheberrecht und Leistungsschutzrecht.<\/p>\n<p data-wahfont=\"16\">Als Urheber i. S. v. \u00a7 7 UrhG stehen dem Website-Betreiber die alleinigen und ausschlie\u00dflichen Verwertungsrechte gem\u00e4\u00df \u00a7\u00a7 15 ff. UrhG zu. Eine Vervielf\u00e4ltigung oder Verwendung s\u00e4mtlicher Inhalte der Website in fremden elektronischen oder gedruckten Medien ist ohne vorherige Zustimmung des Website-Betreibers untersagt und wird ggf. verfolgt.<\/p>\n<p data-wahfont=\"16\">Inhalte, die nicht vom Website-Betreiber erstellt wurden, sind als solche gekennzeichnet. Die Urheberrechte Dritter werden beachtet.<\/p>\n<p data-wahfont=\"16\">Sollten Sie dennoch auf eine Urheberrechtsverletzung aufmerksam werden, wird um einen entsprechenden Hinweis an den Website-Betreiber gebeten. Der Website-Betreiber wird derartige Inhalte dann umgehend entfernen.<\/p>\n","protected":false},"excerpt":{"rendered":"<p>Angaben gem. \u00a7 5 TMG: Dr. Carl Albrecht Klingbergstr. 10 25764 Wesselburen Deutschland Telefon:\u00a0 0160 \/ 76 25 61 8 E-Mail: cea.albrecht@web.de Web: www.cea-albrecht.de Rechtliches von Dr. Carl Albrecht: Registergericht: Amtsgericht Meldorf Umsatzsteuer-Identifikationsnummer: DE314230752 Haftung f\u00fcr Inhalte Der Verantwortliche der<\/p>\n","protected":false},"author":1,"featured_media":0,"parent":0,"menu_order":8,"comment_status":"closed","ping_status":"closed","template":"","meta":{"footnotes":""},"class_list":["post-455","page","type-page","status-publish","hentry"],"translation":{"provider":"WPGlobus","version":"3.0.0","language":"en","enabled_languages":["de","en"],"languages":{"de":{"title":true,"content":true,"excerpt":false},"en":{"title":false,"content":false,"excerpt":false}}},"_links":{"self":[{"href":"https:\/\/www.albrecht-interkulturell.de\/en\/wp-json\/wp\/v2\/pages\/455","targetHints":{"allow":["GET"]}}],"collection":[{"href":"https:\/\/www.albrecht-interkulturell.de\/en\/wp-json\/wp\/v2\/pages"}],"about":[{"href":"https:\/\/www.albrecht-interkulturell.de\/en\/wp-json\/wp\/v2\/types\/page"}],"author":[{"embeddable":true,"href":"https:\/\/www.albrecht-interkulturell.de\/en\/wp-json\/wp\/v2\/users\/1"}],"replies":[{"embeddable":true,"href":"https:\/\/www.albrecht-interkulturell.de\/en\/wp-json\/wp\/v2\/comments?post=455"}],"version-history":[{"count":19,"href":"https:\/\/www.albrecht-interkulturell.de\/en\/wp-json\/wp\/v2\/pages\/455\/revisions"}],"predecessor-version":[{"id":950,"href":"https:\/\/www.albrecht-interkulturell.de\/en\/wp-json\/wp\/v2\/pages\/455\/revisions\/950"}],"wp:attachment":[{"href":"https:\/\/www.albrecht-interkulturell.de\/en\/wp-json\/wp\/v2\/media?parent=455"}],"curies":[{"name":"wp","href":"https:\/\/api.w.org\/{rel}","templated":true}]}}